{"id":3781,"date":"2021-02-02T06:49:46","date_gmt":"2021-02-02T06:49:46","guid":{"rendered":"https:\/\/hutec.ch\/imprimer\/"},"modified":"2022-06-28T13:18:32","modified_gmt":"2022-06-28T13:18:32","slug":"imprimer","status":"publish","type":"page","link":"https:\/\/hutec.ch\/fr\/imprimer\/","title":{"rendered":"imprimer"},"content":{"rendered":"<div class=\"fusion-fullwidth fullwidth-box fusion-builder-row-1 fusion-flex-container nonhundred-percent-fullwidth non-hundred-percent-height-scrolling\" style=\"--awb-border-radius-top-left:0px;--awb-border-radius-top-right:0px;--awb-border-radius-bottom-right:0px;--awb-border-radius-bottom-left:0px;--awb-padding-top:60px;--awb-padding-bottom:60px;--awb-padding-top-medium:40px;--awb-padding-bottom-medium:40px;--awb-padding-top-small:12px;--awb-flex-wrap:wrap;\" ><div class=\"fusion-builder-row fusion-row fusion-flex-align-items-center fusion-flex-content-wrap\" style=\"max-width:1372.8px;margin-left: calc(-4% \/ 2 );margin-right: calc(-4% \/ 2 );\"><div class=\"fusion-layout-column fusion_builder_column fusion-builder-column-0 fusion_builder_column_1_1 1_1 fusion-flex-column fusion-animated\" style=\"--awb-bg-size:cover;--awb-width-large:100%;--awb-margin-top-large:20px;--awb-spacing-right-large:5.76%;--awb-margin-bottom-large:20px;--awb-spacing-left-large:1.92%;--awb-width-medium:50%;--awb-order-medium:0;--awb-spacing-right-medium:0%;--awb-spacing-left-medium:3.84%;--awb-width-small:100%;--awb-margin-top-small:10px;--awb-spacing-right-small:1.92%;--awb-spacing-left-small:1.92%;\" data-animationType=\"fadeInRight\" data-animationDuration=\"1.6\" data-animationOffset=\"top-into-view\"><div class=\"fusion-column-wrapper fusion-column-has-shadow fusion-flex-justify-content-flex-start fusion-content-layout-column\"><div class=\"fusion-title title fusion-title-1 fusion-sep-none fusion-title-text fusion-title-size-one\" style=\"--awb-margin-top:6px;\"><h1 class=\"fusion-title-heading title-heading-left fusion-responsive-typography-calculated\" style=\"margin:0;--fontSize:60;line-height:1.12;\">imprimer<\/h1><\/div><div class=\"fusion-text fusion-text-1\"><div class=\"content-wrapper\">\n<div class=\"grid-container js-fadein\">\n<div class=\"grid-x grid-margin-x align-center\">\n<div class=\"cell medium-20\">\n<p><strong>Hutec Automation AG<\/strong><br \/>\n Luzernstrasse 18A<br \/>\n6206 Neuenkirch<br \/>\n<a href=\"http:\/\/tel+41414672233\/\">+41 41 467 22 33<\/a><br \/>\n<a href=\"mailto:info@hutec.ch\">info@hutec.ch<\/a><\/p>\n<\/div>\n<\/div>\n<\/div>\n<div class=\"grid-container js-fadein\">\n<div class=\"grid-x grid-margin-x align-center\">\n<div class=\"cell medium-20\">\n<h3>Conception et r\u00e9alisation<\/h3>\n<p><a href=\"http:\/\/www.wink.ch\" target=\"_blank\" rel=\"noopener noreferrer\">wink.ch<\/a><\/p>\n<\/div>\n<\/div>\n<\/div>\n<div class=\"grid-container js-fadein\">\n<div class=\"grid-x grid-margin-x align-center\">\n<div class=\"cell medium-20\">\n<h3 class=\"core-heading-1Kc5qd\">Avertissement<\/h3>\n<\/div>\n<\/div>\n<\/div>\n<div class=\"grid-container js-fadein\">\n<div class=\"grid-x grid-margin-x align-center\">\n<div class=\"cell medium-20\">\n<p>Hutec Automations AG d\u00e9cline toute responsabilit\u00e9 quant \u00e0 l&#8217;exactitude, la pr\u00e9cision, l&#8217;actualit\u00e9, la fiabilit\u00e9 et l&#8217;exhaustivit\u00e9 des informations. Les pr\u00e9tentions en responsabilit\u00e9 \u00e0 l&#8217;encontre de l&#8217;auteur pour des dommages mat\u00e9riels ou immat\u00e9riels r\u00e9sultant de l&#8217;acc\u00e8s, de l&#8217;utilisation ou de la non-utilisation des informations publi\u00e9es, d&#8217;une mauvaise utilisation de la connexion ou de d\u00e9fauts techniques sont exclues. Toutes les offres sont sans engagement. L&#8217;auteur se r\u00e9serve express\u00e9ment le droit de modifier, de compl\u00e9ter ou de supprimer des parties de pages ou l&#8217;ensemble de l&#8217;offre sans pr\u00e9avis ou d&#8217;arr\u00eater temporairement ou d\u00e9finitivement la publication.<\/p>\n<\/div>\n<\/div>\n<\/div>\n<div class=\"grid-container js-fadein\">\n<div class=\"grid-x grid-margin-x align-center\">\n<div class=\"cell medium-20\">\n<h3 class=\"core-heading-eHEIP\">Responsabilit\u00e9 pour les liens<\/h3>\n<\/div>\n<\/div>\n<\/div>\n<div class=\"grid-container js-fadein\">\n<div class=\"grid-x grid-margin-x align-center\">\n<div class=\"cell medium-20\">\n<p>Les r\u00e9f\u00e9rences et les liens vers des sites Web tiers ne rel\u00e8vent pas de notre domaine de responsabilit\u00e9. Il a rejet\u00e9 toute responsabilit\u00e9 pour ces sites Web. L&#8217;acc\u00e8s et l&#8217;utilisation de ces sites Web se font aux risques et p\u00e9rils de l&#8217;utilisateur.<\/p>\n<\/div>\n<\/div>\n<\/div>\n<div class=\"grid-container js-fadein\">\n<div class=\"grid-x grid-margin-x align-center\">\n<div class=\"cell medium-20\">\n<h3 class=\"core-heading-1Iub2r\">Droits d&#8217;auteur<\/h3>\n<\/div>\n<\/div>\n<\/div>\n<div class=\"grid-container js-fadein\">\n<div class=\"grid-x grid-margin-x align-center\">\n<div class=\"cell medium-20\">\n<p>Le droit d&#8217;auteur et tous les autres droits sur le contenu, les images, les photos ou d&#8217;autres fichiers sur le site Web appartiennent exclusivement \u00e0 Hutec Automations AG ou aux partenaires mentionn\u00e9s. L&#8217;autorisation \u00e9crite de Hutec Automations AG doit \u00eatre obtenue au pr\u00e9alable pour l&#8217;utilisation de tout \u00e9l\u00e9ment.<\/p>\n<\/div>\n<\/div>\n<\/div>\n<div class=\"grid-container js-fadein\">\n<div class=\"grid-x grid-margin-x align-center\">\n<div class=\"cell medium-20\">\n<h3 class=\"core-heading-Z23eRaj\">Intimit\u00e9<\/h3>\n<\/div>\n<\/div>\n<\/div>\n<div class=\"grid-container js-fadein\">\n<div class=\"grid-x grid-margin-x align-center\">\n<div class=\"cell medium-20\">\n<p>Conform\u00e9ment \u00e0 l&#8217;article 13 de la Constitution f\u00e9d\u00e9rale suisse et \u00e0 la r\u00e9glementation f\u00e9d\u00e9rale sur la protection des donn\u00e9es (loi sur la protection des donn\u00e9es, DSG), toute personne a droit \u00e0 la protection de sa vie priv\u00e9e et \u00e0 la protection contre l&#8217;utilisation abusive de ses donn\u00e9es personnelles. Nous respectons ces r\u00e9glementations. Les donn\u00e9es personnelles sont trait\u00e9es de mani\u00e8re strictement confidentielle et ne sont ni vendues ni transmises \u00e0 des tiers. En \u00e9troite collaboration avec nos h\u00e9bergeurs, nous nous effor\u00e7ons de prot\u00e9ger au mieux les bases de donn\u00e9es contre l&#8217;acc\u00e8s non autoris\u00e9, la perte, l&#8217;utilisation abusive ou la falsification. Lors de l&#8217;acc\u00e8s \u00e0 notre site Web, les donn\u00e9es suivantes sont stock\u00e9es dans des fichiers journaux : adresse IP, date, heure, requ\u00eate du navigateur et informations g\u00e9n\u00e9rales. transmis des informations sur le syst\u00e8me d&#8217;exploitation resp. Navigateurs. Ces donn\u00e9es d&#8217;utilisation constituent la base d&#8217;\u00e9valuations statistiques et anonymes permettant d&#8217;identifier des tendances, que nous pouvons utiliser pour am\u00e9liorer nos offres en cons\u00e9quence.<\/p>\n<\/div>\n<\/div>\n<\/div>\n<div class=\"grid-container js-fadein\">\n<div class=\"grid-x grid-margin-x align-center\">\n<div class=\"cell medium-20\">\n<h3 class=\"core-heading-hTQfy\">D\u00e9claration de protection des donn\u00e9es pour l&#8217;utilisation de Google Analytics<\/h3>\n<\/div>\n<\/div>\n<\/div>\n<div class=\"grid-container js-fadein\">\n<div class=\"grid-x grid-margin-x align-center\">\n<div class=\"cell medium-20\">\n<p>Ce site Web utilise Google Analytics, un service d&#8217;analyse Web fourni par Google Inc. (&#8220;Google&#8221;). Google Analytics utilise des &#8220;cookies&#8221;, des fichiers texte qui sont stock\u00e9s sur votre ordinateur et permettent une analyse de votre utilisation du site Web. Les informations g\u00e9n\u00e9r\u00e9es par le cookie concernant votre utilisation de ce site Web sont g\u00e9n\u00e9ralement transmises \u00e0 un serveur de Google aux \u00c9tats-Unis et y sont stock\u00e9es. Si l&#8217;anonymisation IP est activ\u00e9e sur ce site Web, votre adresse IP sera pr\u00e9alablement raccourcie par Google dans les \u00c9tats membres de l&#8217;Union europ\u00e9enne ou dans d&#8217;autres \u00c9tats contractants de l&#8217;accord sur l&#8217;Espace \u00e9conomique europ\u00e9en. Ce n&#8217;est que dans des cas exceptionnels que l&#8217;adresse IP compl\u00e8te sera transmise \u00e0 un serveur de Google aux \u00c9tats-Unis et raccourcie l\u00e0-bas. Au nom de l&#8217;op\u00e9rateur de ce site Web, Google utilisera ces informations pour \u00e9valuer votre utilisation du site Web, pour compiler des rapports sur l&#8217;activit\u00e9 du site Web et pour fournir d&#8217;autres services li\u00e9s \u00e0 l&#8217;activit\u00e9 du site Web et \u00e0 l&#8217;utilisation d&#8217;Internet \u00e0 l&#8217;op\u00e9rateur du site Web.<\/p>\n<\/div>\n<\/div>\n<\/div>\n<div class=\"grid-container js-fadein\">\n<div class=\"grid-x grid-margin-x align-center\">\n<div class=\"cell medium-20\">\n<p>L&#8217;adresse IP transmise par votre navigateur dans le cadre de Google Analytics ne sera pas fusionn\u00e9e avec d&#8217;autres donn\u00e9es de Google. Vous pouvez emp\u00eacher le stockage de cookies en configurant votre logiciel de navigation en cons\u00e9quence ; nous attirons toutefois votre attention sur le fait que dans ce cas, vous ne pourrez \u00e9ventuellement pas utiliser toutes les fonctions de ce site Internet dans leur int\u00e9gralit\u00e9. Vous pouvez \u00e9galement emp\u00eacher Google de collecter les donn\u00e9es g\u00e9n\u00e9r\u00e9es par le cookie et li\u00e9es \u00e0 votre utilisation du site Web (y compris votre adresse IP) et de traiter ces donn\u00e9es par Google en cliquant sur le lien http:\/\/tools.T\u00e9l\u00e9chargez et installez le navigateur disponible plugin de google.com\/dlpage\/gaoptout?hl=de.<\/p>\n<\/div>\n<\/div>\n<\/div>\n<\/div>\n<\/div><\/div><\/div><\/div><\/div>\n","protected":false},"excerpt":{"rendered":"","protected":false},"author":1,"featured_media":0,"parent":0,"menu_order":0,"comment_status":"closed","ping_status":"closed","template":"100-width.php","meta":[],"yoast_head":"<!-- This site is optimized with the Yoast SEO plugin v20.10 - https:\/\/yoast.com\/wordpress\/plugins\/seo\/ -->\n<title>imprimer - Hutec<\/title>\n<meta name=\"robots\" content=\"index, follow, max-snippet:-1, max-image-preview:large, max-video-preview:-1\" \/>\n<link rel=\"canonical\" href=\"https:\/\/hutec.ch\/fr\/imprimer\/\" \/>\n<meta property=\"og:locale\" content=\"fr_FR\" \/>\n<meta property=\"og:type\" content=\"article\" \/>\n<meta property=\"og:title\" content=\"imprimer - Hutec\" \/>\n<meta property=\"og:url\" content=\"https:\/\/hutec.ch\/fr\/imprimer\/\" \/>\n<meta property=\"og:site_name\" content=\"Hutec\" \/>\n<meta property=\"article:modified_time\" content=\"2022-06-28T13:18:32+00:00\" \/>\n<meta name=\"twitter:card\" content=\"summary_large_image\" \/>\n<meta name=\"twitter:label1\" content=\"Dur\u00e9e de lecture estim\u00e9e\" \/>\n\t<meta name=\"twitter:data1\" content=\"6 minutes\" \/>\n<script type=\"application\/ld+json\" class=\"yoast-schema-graph\">{\"@context\":\"https:\/\/schema.org\",\"@graph\":[{\"@type\":\"WebPage\",\"@id\":\"https:\/\/hutec.ch\/fr\/imprimer\/\",\"url\":\"https:\/\/hutec.ch\/fr\/imprimer\/\",\"name\":\"imprimer - Hutec\",\"isPartOf\":{\"@id\":\"https:\/\/hutec.ch\/#website\"},\"datePublished\":\"2021-02-02T06:49:46+00:00\",\"dateModified\":\"2022-06-28T13:18:32+00:00\",\"breadcrumb\":{\"@id\":\"https:\/\/hutec.ch\/fr\/imprimer\/#breadcrumb\"},\"inLanguage\":\"fr-FR\",\"potentialAction\":[{\"@type\":\"ReadAction\",\"target\":[\"https:\/\/hutec.ch\/fr\/imprimer\/\"]}]},{\"@type\":\"BreadcrumbList\",\"@id\":\"https:\/\/hutec.ch\/fr\/imprimer\/#breadcrumb\",\"itemListElement\":[{\"@type\":\"ListItem\",\"position\":1,\"name\":\"Startseite\",\"item\":\"https:\/\/hutec.ch\/fr\/accueil\/\"},{\"@type\":\"ListItem\",\"position\":2,\"name\":\"imprimer\"}]},{\"@type\":\"WebSite\",\"@id\":\"https:\/\/hutec.ch\/#website\",\"url\":\"https:\/\/hutec.ch\/\",\"name\":\"Hutec\",\"description\":\"einfach automatisiert\",\"publisher\":{\"@id\":\"https:\/\/hutec.ch\/#organization\"},\"potentialAction\":[{\"@type\":\"SearchAction\",\"target\":{\"@type\":\"EntryPoint\",\"urlTemplate\":\"https:\/\/hutec.ch\/?s={search_term_string}\"},\"query-input\":\"required name=search_term_string\"}],\"inLanguage\":\"fr-FR\"},{\"@type\":\"Organization\",\"@id\":\"https:\/\/hutec.ch\/#organization\",\"name\":\"Hutec\",\"alternateName\":\"Hutec\",\"url\":\"https:\/\/hutec.ch\/\",\"logo\":{\"@type\":\"ImageObject\",\"inLanguage\":\"fr-FR\",\"@id\":\"https:\/\/hutec.ch\/#\/schema\/logo\/image\/\",\"url\":\"https:\/\/hutec.ch\/wp\/wp-content\/uploads\/2025\/01\/Hutec_rgb_25j_150ppi.png\",\"contentUrl\":\"https:\/\/hutec.ch\/wp\/wp-content\/uploads\/2025\/01\/Hutec_rgb_25j_150ppi.png\",\"width\":1200,\"height\":145,\"caption\":\"Hutec\"},\"image\":{\"@id\":\"https:\/\/hutec.ch\/#\/schema\/logo\/image\/\"}}]}<\/script>\n<!-- \/ Yoast SEO plugin. -->","yoast_head_json":{"title":"imprimer - Hutec","robots":{"index":"index","follow":"follow","max-snippet":"max-snippet:-1","max-image-preview":"max-image-preview:large","max-video-preview":"max-video-preview:-1"},"canonical":"https:\/\/hutec.ch\/fr\/imprimer\/","og_locale":"fr_FR","og_type":"article","og_title":"imprimer - Hutec","og_url":"https:\/\/hutec.ch\/fr\/imprimer\/","og_site_name":"Hutec","article_modified_time":"2022-06-28T13:18:32+00:00","twitter_card":"summary_large_image","twitter_misc":{"Dur\u00e9e de lecture estim\u00e9e":"6 minutes"},"schema":{"@context":"https:\/\/schema.org","@graph":[{"@type":"WebPage","@id":"https:\/\/hutec.ch\/fr\/imprimer\/","url":"https:\/\/hutec.ch\/fr\/imprimer\/","name":"imprimer - Hutec","isPartOf":{"@id":"https:\/\/hutec.ch\/#website"},"datePublished":"2021-02-02T06:49:46+00:00","dateModified":"2022-06-28T13:18:32+00:00","breadcrumb":{"@id":"https:\/\/hutec.ch\/fr\/imprimer\/#breadcrumb"},"inLanguage":"fr-FR","potentialAction":[{"@type":"ReadAction","target":["https:\/\/hutec.ch\/fr\/imprimer\/"]}]},{"@type":"BreadcrumbList","@id":"https:\/\/hutec.ch\/fr\/imprimer\/#breadcrumb","itemListElement":[{"@type":"ListItem","position":1,"name":"Startseite","item":"https:\/\/hutec.ch\/fr\/accueil\/"},{"@type":"ListItem","position":2,"name":"imprimer"}]},{"@type":"WebSite","@id":"https:\/\/hutec.ch\/#website","url":"https:\/\/hutec.ch\/","name":"Hutec","description":"einfach automatisiert","publisher":{"@id":"https:\/\/hutec.ch\/#organization"},"potentialAction":[{"@type":"SearchAction","target":{"@type":"EntryPoint","urlTemplate":"https:\/\/hutec.ch\/?s={search_term_string}"},"query-input":"required name=search_term_string"}],"inLanguage":"fr-FR"},{"@type":"Organization","@id":"https:\/\/hutec.ch\/#organization","name":"Hutec","alternateName":"Hutec","url":"https:\/\/hutec.ch\/","logo":{"@type":"ImageObject","inLanguage":"fr-FR","@id":"https:\/\/hutec.ch\/#\/schema\/logo\/image\/","url":"https:\/\/hutec.ch\/wp\/wp-content\/uploads\/2025\/01\/Hutec_rgb_25j_150ppi.png","contentUrl":"https:\/\/hutec.ch\/wp\/wp-content\/uploads\/2025\/01\/Hutec_rgb_25j_150ppi.png","width":1200,"height":145,"caption":"Hutec"},"image":{"@id":"https:\/\/hutec.ch\/#\/schema\/logo\/image\/"}}]}},"_links":{"self":[{"href":"https:\/\/hutec.ch\/fr\/wp-json\/wp\/v2\/pages\/3781"}],"collection":[{"href":"https:\/\/hutec.ch\/fr\/wp-json\/wp\/v2\/pages"}],"about":[{"href":"https:\/\/hutec.ch\/fr\/wp-json\/wp\/v2\/types\/page"}],"author":[{"embeddable":true,"href":"https:\/\/hutec.ch\/fr\/wp-json\/wp\/v2\/users\/1"}],"replies":[{"embeddable":true,"href":"https:\/\/hutec.ch\/fr\/wp-json\/wp\/v2\/comments?post=3781"}],"version-history":[{"count":8,"href":"https:\/\/hutec.ch\/fr\/wp-json\/wp\/v2\/pages\/3781\/revisions"}],"predecessor-version":[{"id":3896,"href":"https:\/\/hutec.ch\/fr\/wp-json\/wp\/v2\/pages\/3781\/revisions\/3896"}],"wp:attachment":[{"href":"https:\/\/hutec.ch\/fr\/wp-json\/wp\/v2\/media?parent=3781"}],"curies":[{"name":"wp","href":"https:\/\/api.w.org\/{rel}","templated":true}]}}